{"id":121,"date":"2022-08-11T12:13:47","date_gmt":"2022-08-11T10:13:47","guid":{"rendered":"https:\/\/nextbike-live.pluspol-networks.de\/velocity\/impressum\/"},"modified":"2022-08-11T12:13:47","modified_gmt":"2022-08-11T10:13:47","slug":"impressum","status":"publish","type":"page","link":"https:\/\/www.velocitybuzau.ro\/ro\/impressum\/","title":{"rendered":"Impressum"},"content":{"rendered":"<div class=\"wpb-content-wrapper\"><p>[vc_row][vc_column][vc_column_text]<h1><strong>Imprim\u0103<\/strong><\/h1>\n<p>&nbsp;<\/p>\n<p>Primaria Municipiului Buzau<br \/>\nPiata Daciei, 1<br \/>\n120191 Buzau<\/p>\n<p><strong>Reprezentata de:<br \/>\n<\/strong>Constantin Toma<\/p>\n<p><strong>Contact:<br \/>\n<\/strong>Primaria Municipiului Buzau<br \/>\nPiata Daciei, 1<br \/>\n120191 Buzau<\/p>\n<p>Telefon: <a href=\"tel:+40338228002\">+40 338 228 002<\/a><br \/>\nE-Mail:\u00a0<a href=\"mailto:velocitybuzau@nextbike.roopoloveni@yahoo.co\">velocitybuzau@nextbike.ro<\/a><\/p>\n<p><strong>Cod fiscal:\u00a0<\/strong>4233974<\/p>\n<p>&nbsp;<\/p>\n<p>Solu\u021bionarea online a litigiilor \u00een temeiul art. 14 (1) Regulamentul ODR: Comisia European\u0103 ofer\u0103 o platform\u0103 pentru solu\u021bionarea online a litigiilor. Acesta poate fi g\u0103sit la\u00a0<a href=\"http:\/\/ec.europa.eu\/consumers\/odr\/\">http:\/\/ec.europa.eu\/consumers\/odr\/<\/a>.<\/p>\n[\/vc_column_text][\/vc_column][\/vc_row]<\/p>\n<\/div>","protected":false},"excerpt":{"rendered":"<p>[vc_row][vc_column][vc_column_text][\/vc_column_text][\/vc_column][\/vc_row]<\/p>\n","protected":false},"author":5,"featured_media":0,"parent":0,"menu_order":0,"comment_status":"closed","ping_status":"closed","template":"","meta":{"_acf_changed":false,"inline_featured_image":false,"footnotes":""},"class_list":["post-121","page","type-page","status-publish","hentry"],"acf":[],"yoast_head":"<!-- This site is optimized with the Yoast SEO plugin v27.2 - https:\/\/yoast.com\/product\/yoast-seo-wordpress\/ -->\n<title>Impressum - Velocity Buzau<\/title>\n<meta name=\"robots\" content=\"index, follow, max-snippet:-1, max-image-preview:large, max-video-preview:-1\" \/>\n<link rel=\"canonical\" href=\"https:\/\/www.velocitybuzau.ro\/ro\/impressum\/\" \/>\n<meta property=\"og:locale\" content=\"ro_RO\" \/>\n<meta property=\"og:type\" content=\"article\" \/>\n<meta property=\"og:title\" content=\"Impressum - Velocity Buzau\" \/>\n<meta property=\"og:description\" content=\"[vc_row][vc_column][vc_column_text][\/vc_column_text][\/vc_column][\/vc_row]\" \/>\n<meta property=\"og:url\" content=\"https:\/\/www.velocitybuzau.ro\/ro\/impressum\/\" \/>\n<meta property=\"og:site_name\" content=\"Velocity Buzau\" \/>\n<meta name=\"twitter:card\" content=\"summary_large_image\" \/>\n<meta name=\"twitter:label1\" content=\"Timp estimat pentru citire\" \/>\n\t<meta name=\"twitter:data1\" content=\"1 minut\" \/>\n<script type=\"application\/ld+json\" class=\"yoast-schema-graph\">{\"@context\":\"https:\/\/schema.org\",\"@graph\":[{\"@type\":\"WebPage\",\"@id\":\"https:\/\/www.velocitybuzau.ro\/ro\/impressum\/\",\"url\":\"https:\/\/www.velocitybuzau.ro\/ro\/impressum\/\",\"name\":\"Impressum - Velocity Buzau\",\"isPartOf\":{\"@id\":\"https:\/\/www.velocitybuzau.ro\/ro\/#website\"},\"datePublished\":\"2022-08-11T10:13:47+00:00\",\"breadcrumb\":{\"@id\":\"https:\/\/www.velocitybuzau.ro\/ro\/impressum\/#breadcrumb\"},\"inLanguage\":\"ro-RO\",\"potentialAction\":[{\"@type\":\"ReadAction\",\"target\":[\"https:\/\/www.velocitybuzau.ro\/ro\/impressum\/\"]}]},{\"@type\":\"BreadcrumbList\",\"@id\":\"https:\/\/www.velocitybuzau.ro\/ro\/impressum\/#breadcrumb\",\"itemListElement\":[{\"@type\":\"ListItem\",\"position\":1,\"name\":\"Startseite\",\"item\":\"https:\/\/www.velocitybuzau.ro\/ro\/\"},{\"@type\":\"ListItem\",\"position\":2,\"name\":\"Impressum\"}]},{\"@type\":\"WebSite\",\"@id\":\"https:\/\/www.velocitybuzau.ro\/ro\/#website\",\"url\":\"https:\/\/www.velocitybuzau.ro\/ro\/\",\"name\":\"Velocity Buzau\",\"description\":\"Bike Sharing by nextbike\",\"potentialAction\":[{\"@type\":\"SearchAction\",\"target\":{\"@type\":\"EntryPoint\",\"urlTemplate\":\"https:\/\/www.velocitybuzau.ro\/ro\/?s={search_term_string}\"},\"query-input\":{\"@type\":\"PropertyValueSpecification\",\"valueRequired\":true,\"valueName\":\"search_term_string\"}}],\"inLanguage\":\"ro-RO\"}]}<\/script>\n<!-- \/ Yoast SEO plugin. -->","yoast_head_json":{"title":"Impressum - Velocity Buzau","robots":{"index":"index","follow":"follow","max-snippet":"max-snippet:-1","max-image-preview":"max-image-preview:large","max-video-preview":"max-video-preview:-1"},"canonical":"https:\/\/www.velocitybuzau.ro\/ro\/impressum\/","og_locale":"ro_RO","og_type":"article","og_title":"Impressum - Velocity Buzau","og_description":"[vc_row][vc_column][vc_column_text][\/vc_column_text][\/vc_column][\/vc_row]","og_url":"https:\/\/www.velocitybuzau.ro\/ro\/impressum\/","og_site_name":"Velocity Buzau","twitter_card":"summary_large_image","twitter_misc":{"Timp estimat pentru citire":"1 minut"},"schema":{"@context":"https:\/\/schema.org","@graph":[{"@type":"WebPage","@id":"https:\/\/www.velocitybuzau.ro\/ro\/impressum\/","url":"https:\/\/www.velocitybuzau.ro\/ro\/impressum\/","name":"Impressum - Velocity Buzau","isPartOf":{"@id":"https:\/\/www.velocitybuzau.ro\/ro\/#website"},"datePublished":"2022-08-11T10:13:47+00:00","breadcrumb":{"@id":"https:\/\/www.velocitybuzau.ro\/ro\/impressum\/#breadcrumb"},"inLanguage":"ro-RO","potentialAction":[{"@type":"ReadAction","target":["https:\/\/www.velocitybuzau.ro\/ro\/impressum\/"]}]},{"@type":"BreadcrumbList","@id":"https:\/\/www.velocitybuzau.ro\/ro\/impressum\/#breadcrumb","itemListElement":[{"@type":"ListItem","position":1,"name":"Startseite","item":"https:\/\/www.velocitybuzau.ro\/ro\/"},{"@type":"ListItem","position":2,"name":"Impressum"}]},{"@type":"WebSite","@id":"https:\/\/www.velocitybuzau.ro\/ro\/#website","url":"https:\/\/www.velocitybuzau.ro\/ro\/","name":"Velocity Buzau","description":"Bike Sharing by nextbike","potentialAction":[{"@type":"SearchAction","target":{"@type":"EntryPoint","urlTemplate":"https:\/\/www.velocitybuzau.ro\/ro\/?s={search_term_string}"},"query-input":{"@type":"PropertyValueSpecification","valueRequired":true,"valueName":"search_term_string"}}],"inLanguage":"ro-RO"}]}},"_links":{"self":[{"href":"https:\/\/www.velocitybuzau.ro\/ro\/wp-json\/wp\/v2\/pages\/121","targetHints":{"allow":["GET"]}}],"collection":[{"href":"https:\/\/www.velocitybuzau.ro\/ro\/wp-json\/wp\/v2\/pages"}],"about":[{"href":"https:\/\/www.velocitybuzau.ro\/ro\/wp-json\/wp\/v2\/types\/page"}],"author":[{"embeddable":true,"href":"https:\/\/www.velocitybuzau.ro\/ro\/wp-json\/wp\/v2\/users\/5"}],"replies":[{"embeddable":true,"href":"https:\/\/www.velocitybuzau.ro\/ro\/wp-json\/wp\/v2\/comments?post=121"}],"version-history":[{"count":0,"href":"https:\/\/www.velocitybuzau.ro\/ro\/wp-json\/wp\/v2\/pages\/121\/revisions"}],"wp:attachment":[{"href":"https:\/\/www.velocitybuzau.ro\/ro\/wp-json\/wp\/v2\/media?parent=121"}],"curies":[{"name":"wp","href":"https:\/\/api.w.org\/{rel}","templated":true}]}}