{"id":119,"date":"2022-08-15T12:19:32","date_gmt":"2022-08-15T10:19:32","guid":{"rendered":"https:\/\/nextbike-live.pluspol-networks.de\/velocity\/agb\/"},"modified":"2024-09-10T17:25:47","modified_gmt":"2024-09-10T15:25:47","slug":"conditii","status":"publish","type":"page","link":"https:\/\/www.velocitybuzau.ro\/ro\/conditii\/","title":{"rendered":"Condi\u021bii"},"content":{"rendered":"<div class=\"wpb-content-wrapper\"><p>[vc_row][vc_column][vc_column_text css=&#8221;&#8221;]<h1>Condi\u021bii<\/h1><a aria-label=\"Se deschide \u00eentr-o fil\u0103 nou\u0103\" href=\"https:\/\/www.velocitybuzau.ro\/wp-content\/uploads\/sites\/91\/2024\/08\/nextbikeRomania_Termeni-si-conditii-roen.pdf\" target=\"_blank\" class=\"ppi_agb_download_link\"><strong>Descarc\u0103 ca PDF<\/strong><\/a><\/p>\n<p>&nbsp;<\/p>\n<p><strong><a href=\"https:\/\/www.velocitybuzau.ro\/wp-content\/uploads\/sites\/91\/2024\/08\/MRegulament-de-utilizare-Bike-Sharing-Buzau-1.pdf\" target=\"_blank\" rel=\"noopener\">\u2192<\/a><a href=\"https:\/\/www.velocitybuzau.ro\/wp-content\/uploads\/sites\/91\/2024\/09\/Pr.102-modificare-Regulament-VELOCITY-1_compressed-1.pdf\" target=\"_blank\" rel=\"noopener\"> Descarc\u0103 ca PDF &#8211; Regulament de utilizare Bike Sharing Buzau<\/a><\/strong>[\/vc_column_text][\/vc_column][\/vc_row]<\/p>\n<\/div>","protected":false},"excerpt":{"rendered":"<p>[vc_row][vc_column][vc_column_text css=&#8221;&#8221;] &nbsp; \u2192 Descarc\u0103 ca PDF &#8211; Regulament de utilizare Bike Sharing Buzau[\/vc_column_text][\/vc_column][\/vc_row]<\/p>\n","protected":false},"author":5,"featured_media":0,"parent":0,"menu_order":0,"comment_status":"closed","ping_status":"closed","template":"","meta":{"_acf_changed":false,"inline_featured_image":false,"footnotes":""},"class_list":["post-119","page","type-page","status-publish","hentry"],"acf":[],"yoast_head":"<!-- This site is optimized with the Yoast SEO plugin v27.2 - https:\/\/yoast.com\/product\/yoast-seo-wordpress\/ -->\n<title>Condi\u021bii - Velocity Buzau<\/title>\n<meta name=\"robots\" content=\"index, follow, max-snippet:-1, max-image-preview:large, max-video-preview:-1\" \/>\n<link rel=\"canonical\" href=\"https:\/\/www.velocitybuzau.ro\/ro\/conditii\/\" \/>\n<meta property=\"og:locale\" content=\"ro_RO\" \/>\n<meta property=\"og:type\" content=\"article\" \/>\n<meta property=\"og:title\" content=\"Condi\u021bii - Velocity Buzau\" \/>\n<meta property=\"og:description\" content=\"[vc_row][vc_column][vc_column_text css=&#8221;&#8221;] &nbsp; \u2192 Descarc\u0103 ca PDF &#8211; Regulament de utilizare Bike Sharing Buzau[\/vc_column_text][\/vc_column][\/vc_row]\" \/>\n<meta property=\"og:url\" content=\"https:\/\/www.velocitybuzau.ro\/ro\/conditii\/\" \/>\n<meta property=\"og:site_name\" content=\"Velocity Buzau\" \/>\n<meta property=\"article:modified_time\" content=\"2024-09-10T15:25:47+00:00\" \/>\n<meta name=\"twitter:card\" content=\"summary_large_image\" \/>\n<meta name=\"twitter:label1\" content=\"Timp estimat pentru citire\" \/>\n\t<meta name=\"twitter:data1\" content=\"1 minut\" \/>\n<script type=\"application\/ld+json\" class=\"yoast-schema-graph\">{\"@context\":\"https:\/\/schema.org\",\"@graph\":[{\"@type\":\"WebPage\",\"@id\":\"https:\/\/www.velocitybuzau.ro\/ro\/conditii\/\",\"url\":\"https:\/\/www.velocitybuzau.ro\/ro\/conditii\/\",\"name\":\"Condi\u021bii - Velocity Buzau\",\"isPartOf\":{\"@id\":\"https:\/\/www.velocitybuzau.ro\/ro\/#website\"},\"datePublished\":\"2022-08-15T10:19:32+00:00\",\"dateModified\":\"2024-09-10T15:25:47+00:00\",\"breadcrumb\":{\"@id\":\"https:\/\/www.velocitybuzau.ro\/ro\/conditii\/#breadcrumb\"},\"inLanguage\":\"ro-RO\",\"potentialAction\":[{\"@type\":\"ReadAction\",\"target\":[\"https:\/\/www.velocitybuzau.ro\/ro\/conditii\/\"]}]},{\"@type\":\"BreadcrumbList\",\"@id\":\"https:\/\/www.velocitybuzau.ro\/ro\/conditii\/#breadcrumb\",\"itemListElement\":[{\"@type\":\"ListItem\",\"position\":1,\"name\":\"Startseite\",\"item\":\"https:\/\/www.velocitybuzau.ro\/ro\/\"},{\"@type\":\"ListItem\",\"position\":2,\"name\":\"Condi\u021bii\"}]},{\"@type\":\"WebSite\",\"@id\":\"https:\/\/www.velocitybuzau.ro\/ro\/#website\",\"url\":\"https:\/\/www.velocitybuzau.ro\/ro\/\",\"name\":\"Velocity Buzau\",\"description\":\"Bike Sharing by nextbike\",\"potentialAction\":[{\"@type\":\"SearchAction\",\"target\":{\"@type\":\"EntryPoint\",\"urlTemplate\":\"https:\/\/www.velocitybuzau.ro\/ro\/?s={search_term_string}\"},\"query-input\":{\"@type\":\"PropertyValueSpecification\",\"valueRequired\":true,\"valueName\":\"search_term_string\"}}],\"inLanguage\":\"ro-RO\"}]}<\/script>\n<!-- \/ Yoast SEO plugin. -->","yoast_head_json":{"title":"Condi\u021bii - Velocity Buzau","robots":{"index":"index","follow":"follow","max-snippet":"max-snippet:-1","max-image-preview":"max-image-preview:large","max-video-preview":"max-video-preview:-1"},"canonical":"https:\/\/www.velocitybuzau.ro\/ro\/conditii\/","og_locale":"ro_RO","og_type":"article","og_title":"Condi\u021bii - Velocity Buzau","og_description":"[vc_row][vc_column][vc_column_text css=&#8221;&#8221;] &nbsp; \u2192 Descarc\u0103 ca PDF &#8211; Regulament de utilizare Bike Sharing Buzau[\/vc_column_text][\/vc_column][\/vc_row]","og_url":"https:\/\/www.velocitybuzau.ro\/ro\/conditii\/","og_site_name":"Velocity Buzau","article_modified_time":"2024-09-10T15:25:47+00:00","twitter_card":"summary_large_image","twitter_misc":{"Timp estimat pentru citire":"1 minut"},"schema":{"@context":"https:\/\/schema.org","@graph":[{"@type":"WebPage","@id":"https:\/\/www.velocitybuzau.ro\/ro\/conditii\/","url":"https:\/\/www.velocitybuzau.ro\/ro\/conditii\/","name":"Condi\u021bii - Velocity Buzau","isPartOf":{"@id":"https:\/\/www.velocitybuzau.ro\/ro\/#website"},"datePublished":"2022-08-15T10:19:32+00:00","dateModified":"2024-09-10T15:25:47+00:00","breadcrumb":{"@id":"https:\/\/www.velocitybuzau.ro\/ro\/conditii\/#breadcrumb"},"inLanguage":"ro-RO","potentialAction":[{"@type":"ReadAction","target":["https:\/\/www.velocitybuzau.ro\/ro\/conditii\/"]}]},{"@type":"BreadcrumbList","@id":"https:\/\/www.velocitybuzau.ro\/ro\/conditii\/#breadcrumb","itemListElement":[{"@type":"ListItem","position":1,"name":"Startseite","item":"https:\/\/www.velocitybuzau.ro\/ro\/"},{"@type":"ListItem","position":2,"name":"Condi\u021bii"}]},{"@type":"WebSite","@id":"https:\/\/www.velocitybuzau.ro\/ro\/#website","url":"https:\/\/www.velocitybuzau.ro\/ro\/","name":"Velocity Buzau","description":"Bike Sharing by nextbike","potentialAction":[{"@type":"SearchAction","target":{"@type":"EntryPoint","urlTemplate":"https:\/\/www.velocitybuzau.ro\/ro\/?s={search_term_string}"},"query-input":{"@type":"PropertyValueSpecification","valueRequired":true,"valueName":"search_term_string"}}],"inLanguage":"ro-RO"}]}},"_links":{"self":[{"href":"https:\/\/www.velocitybuzau.ro\/ro\/wp-json\/wp\/v2\/pages\/119","targetHints":{"allow":["GET"]}}],"collection":[{"href":"https:\/\/www.velocitybuzau.ro\/ro\/wp-json\/wp\/v2\/pages"}],"about":[{"href":"https:\/\/www.velocitybuzau.ro\/ro\/wp-json\/wp\/v2\/types\/page"}],"author":[{"embeddable":true,"href":"https:\/\/www.velocitybuzau.ro\/ro\/wp-json\/wp\/v2\/users\/5"}],"replies":[{"embeddable":true,"href":"https:\/\/www.velocitybuzau.ro\/ro\/wp-json\/wp\/v2\/comments?post=119"}],"version-history":[{"count":5,"href":"https:\/\/www.velocitybuzau.ro\/ro\/wp-json\/wp\/v2\/pages\/119\/revisions"}],"predecessor-version":[{"id":259,"href":"https:\/\/www.velocitybuzau.ro\/ro\/wp-json\/wp\/v2\/pages\/119\/revisions\/259"}],"wp:attachment":[{"href":"https:\/\/www.velocitybuzau.ro\/ro\/wp-json\/wp\/v2\/media?parent=119"}],"curies":[{"name":"wp","href":"https:\/\/api.w.org\/{rel}","templated":true}]}}